{"id":13,"date":"2015-02-13T19:49:27","date_gmt":"2015-02-13T18:49:27","guid":{"rendered":"http:\/\/localhost\/wordpress\/?page_id=13"},"modified":"2015-09-25T11:17:26","modified_gmt":"2015-09-25T09:17:26","slug":"agb","status":"publish","type":"page","link":"http:\/\/www.poeppe-online.de\/?page_id=13","title":{"rendered":"AGB"},"content":{"rendered":"<p>Kontaktadresse:<\/p>\n<p><strong>Dr. Christoph P\u00f6ppe<\/strong><br \/>\n<strong> christoph.poeppe@t-online.de<\/strong><br \/>\n<strong> Tel: 06621-586864<\/strong><\/p>\n<p><strong> vertreten durch<\/strong><br \/>\n<strong> ScienceText<\/strong><br \/>\n<strong> Elke Reinecke<\/strong><br \/>\n<strong> Georg-Mechtersheimer-Str. 3<\/strong><br \/>\n<strong> D-69126 Heidelberg<\/strong><br \/>\n<strong> Tel: 0151-74405091<\/strong><br \/>\n<strong> reinecke@sciencetext.de<\/strong><\/p>\n<p>&nbsp;<\/p>\n<p>&nbsp;<\/p>\n<p><strong>Widerrufsbelehrung<\/strong><\/p>\n<p><strong>Widerrufsrecht<\/strong><\/p>\n<p>Sie haben das Recht, binnen vierzehn Tagen ohne Angabe von Gr\u00fcnden diesen Vertrag zu widerrufen.<br \/>\nDie Widerrufsfrist betr\u00e4gt vierzehn Tage ab dem Tag an dem Sie oder ein von Ihnen benannter Dritter, der nicht der Bef\u00f6rderer ist, die Waren in Besitz genommen haben bzw. hat.<br \/>\nUm Ihr Widerrufsrecht auszu\u00fcben, m\u00fcssen Sie an die oben angegebene Kontaktadresse mittels einer eindeutigen Erkl\u00e4rung (z.B. ein mit der Post versandter Brief, Telefax oder E-Mail) \u00fcber Ihren Entschluss, diesen Vertrag zu widerrufen, informieren. Sie k\u00f6nnen daf\u00fcr das beigef\u00fcgte Muster-Widerrufsformular\u00a0<a href=\"http:\/\/localhost\/wordpress\/wp-content\/uploads\/2015\/02\/Widerruf.pdf\">Widerruf<\/a> verwenden, das jedoch nicht vorgeschrieben ist.<br \/>\nZur Wahrung der Widerrufsfrist reicht es aus, dass Sie die Mitteilung \u00fcber die Aus\u00fcbung des Widerrufsrechts vor Ablauf der Widerrufsfrist absenden.<\/p>\n<p><strong>Folgen des Widerrufs<\/strong><br \/>\nWenn Sie diesen Vertrag widerrufen, haben wir Ihnen alle Zahlungen, die wir von Ihnen erhalten haben, einschlie\u00dflich der Lieferkosten (mit Ausnahme der zus\u00e4tzlichen Kosten, die sich daraus ergeben, dass Sie eine andere Art der Lieferung als die von uns angebotene, g\u00fcnstigste Standardlieferung gew\u00e4hlt haben), unverz\u00fcglich und sp\u00e4testens binnen vierzehn Tagen ab dem Tag zur\u00fcckzuzahlen, an dem die Mitteilung \u00fcber Ihren Widerruf dieses Vertrags bei uns eingegangen ist. F\u00fcr diese R\u00fcckzahlung verwenden wir dasselbe Zahlungsmittel, das Sie bei der urspr\u00fcnglichen Transaktion eingesetzt haben, es sei denn, mit Ihnen wurde ausdr\u00fccklich etwas anderes vereinbart; in keinem Fall werden Ihnen wegen dieser R\u00fcckzahlung Entgelte berechnet.<\/p>\n<p>&nbsp;<\/p>\n<p><strong>Allgemeine Gesch\u00e4ftsbedingungen (AGB)<\/strong><\/p>\n<p><strong>\u00a7 1<br \/>\nGeltungsbereich &amp; Abwehrklausel<\/strong><\/p>\n<p>(1) F\u00fcr die \u00fcber diesen Internet-Shop begr\u00fcndeten Rechtsbeziehungen zwischen dem Betreiber des Shops (nachfolgend \u201eAnbieter\u201c) und seinen Kunden gelten ausschlie\u00dflich die folgenden Allgemeinen Gesch\u00e4ftsbedingungen in der jeweiligen Fassung zum Zeitpunkt der Bestellung.<\/p>\n<p>(2) Abweichende Allgemeine Gesch\u00e4ftsbedingungen des Kunden werden zur\u00fcckgewiesen.<br \/>\n<strong><br \/>\n\u00a7 2<br \/>\nZustandekommen des Vertrages<\/strong><\/p>\n<p>(1) Die Pr\u00e4sentation der Waren im Internet-Shop stellt kein bindendes Angebot des Anbieters auf Abschluss eines Kaufvertrages dar. Der Kunde wird hierdurch lediglich aufgefordert, durch eine Bestellung ein Angebot abzugeben.<\/p>\n<p>(2) Durch das Absenden der Bestellung im Internet-Shop gibt der Kunde ein verbindliches Angebot gerichtet auf den Abschluss eines Kaufvertrages \u00fcber die im Warenkorb enthaltenen Waren ab. Mit dem Absenden der Bestellung erkennt der Kunde auch diese Gesch\u00e4ftsbedingungen als f\u00fcr das Rechtsverh\u00e4ltnis mit dem Anbieter allein ma\u00dfgeblich an.<\/p>\n<p>(3) Der Anbieter best\u00e4tigt den Eingang der Bestellung des Kunden durch Versendung einer Best\u00e4tigungs-E-Mail. Diese Bestellbest\u00e4tigung stellt noch nicht die Annahme des Vertragsangebotes durch den Anbieter dar. Sie dient lediglich der Information des Kunden, dass die Bestellung beim Anbieter eingegangen ist. Die Erkl\u00e4rung der Annahme des Vertragsangebotes erfolgt durch die Auslieferung der Ware oder eine ausdr\u00fcckliche Annahmeerkl\u00e4rung.<\/p>\n<p><strong>\u00a7 3<\/strong><br \/>\n<strong> Eigentumsvorbehalt<\/strong><\/p>\n<p>Die gelieferte Ware verbleibt bis zur vollst\u00e4ndigen Bezahlung im Eigentum des Anbieters.<\/p>\n<p><strong>\u00a7 4<\/strong><br \/>\n<strong> F\u00e4lligkeit<\/strong><\/p>\n<p>Die Zahlung des Kaufpreises ist mit Vertragsschluss f\u00e4llig.<\/p>\n<p><strong>\u00a7 5<\/strong><br \/>\n<strong> Gew\u00e4hrleistung<\/strong><\/p>\n<p>(1) Die Gew\u00e4hrleistungsrechte des Kunden richten sich nach den allgemeinen gesetzlichen Vorschriften, soweit nachfolgend nichts anderes bestimmt ist. F\u00fcr Schadensersatzanspr\u00fcche des Kunden gegen\u00fcber dem Anbieter gilt die Regelung in \u00a7 6 dieser AGB.<\/p>\n<p>(2) Die Verj\u00e4hrungsfrist f\u00fcr Gew\u00e4hrleistungsanspr\u00fcche des Kunden betr\u00e4gt bei Verbrauchern bei neu hergestellten Sachen 2 Jahre, bei gebrauchten Sachen 1 Jahr. Gegen\u00fcber Unternehmern betr\u00e4gt die Verj\u00e4hrungsfrist bei neu hergestellten Sachen und bei gebrauchten Sachen 1 Jahr. Die vorstehende Verk\u00fcrzung der Verj\u00e4hrungsfristen gilt nicht f\u00fcr Schadensersatzanspr\u00fcche des Kunden aufgrund einer Verletzung des Lebens, des K\u00f6rpers, der Gesundheit sowie f\u00fcr Schadensersatzanspr\u00fcche aufgrund einer Verletzung wesentlicher Vertragspflichten. Wesentliche Vertragspflichten sind solche, deren Erf\u00fcllung zur Erreichung des Ziels des Vertrags notwendig ist, z.B. hat der Anbieter dem Kunden die Sache frei von Sach- und Rechtsm\u00e4ngeln zu \u00fcbergeben und das Eigentum an ihr zu verschaffen. Die vorstehende Verk\u00fcrzung der Verj\u00e4hrungsfristen gilt ebenfalls nicht f\u00fcr Schadensersatzanspr\u00fcche, die auf einer vors\u00e4tzlichen oder grob fahrl\u00e4ssigen Pflichtverletzung des Anbieters, seiner gesetzlichen Vertreter oder Erf\u00fcllungsgehilfen beruhen. Gegen\u00fcber Unternehmern ebenfalls ausgenommen von der Verk\u00fcrzung der Verj\u00e4hrungsfristen ist der R\u00fcckgriffsanspruch nach \u00a7 478 BGB.<\/p>\n<p>(3) Eine Garantie wird von dem Anbieter nicht erkl\u00e4rt.<\/p>\n<p><strong>\u00a7 6<\/strong><br \/>\n<strong> Haftungsausschluss<\/strong><\/p>\n<p>(1) Schadensersatzanspr\u00fcche des Kunden sind ausgeschlossen, soweit nachfolgend nichts anderes bestimmt ist. Der vorstehende Haftungsausschluss gilt auch zugunsten der gesetzlichen Vertreter und Erf\u00fcllungsgehilfen des Anbieters, sofern der Kunde Anspr\u00fcche gegen diese geltend macht.<\/p>\n<p>(2) Von dem unter Ziffer 1 bestimmten Haftungsausschluss ausgenommen sind Schadensersatzanspr\u00fcche aufgrund einer Verletzung des Lebens, des K\u00f6rpers, der Gesundheit und Schadensersatzanspr\u00fcche aus der Verletzung wesentlicher Vertragspflichten. Wesentliche Vertragspflichten sind solche, deren Erf\u00fcllung zur Erreichung des Ziels des Vertrags notwendig ist, z.B. hat der Anbieter dem Kunden die Sache frei von Sach- und Rechtsm\u00e4ngeln zu \u00fcbergeben und das Eigentum an ihr zu verschaffen. Von dem Haftungsausschluss ebenfalls ausgenommen ist die Haftung f\u00fcr Sch\u00e4den, die auf einer vors\u00e4tzlichen oder grob fahrl\u00e4ssigen Pflichtverletzung des Anbieters, seiner gesetzlichen Vertreter oder Erf\u00fcllungsgehilfen beruhen.<\/p>\n<p>(3) Vorschriften des Produkthaftungsgesetzes (ProdHaftG) bleiben unber\u00fchrt.<\/p>\n<p><strong>\u00a7 7<\/strong><br \/>\n<strong> Abtretungs- und Verpf\u00e4ndungsverbot<\/strong><\/p>\n<p>Die Abtretung oder Verpf\u00e4ndung von dem Kunden gegen\u00fcber dem Anbieter zustehenden Anspr\u00fcchen oder Rechten ist ohne Zustimmung des Anbieters ausgeschlossen, sofern der Kunde nicht ein berechtigtes Interesse an der Abtretung oder Verpf\u00e4ndung nachweist.<\/p>\n<p><strong>\u00a7 8<\/strong><br \/>\n<strong> Aufrechnung<\/strong><\/p>\n<p>Ein Aufrechnungsrecht des Kunden besteht nur, wenn seine zur Aufrechnung gestellte Forderung rechtskr\u00e4ftig festgestellt wurde oder unbestritten ist.<\/p>\n<p><strong>\u00a7 9<\/strong><br \/>\n<strong> Rechtswahl &amp; Gerichtsstand<\/strong><\/p>\n<p>(1) Auf die vertraglichen Beziehungen zwischen dem Anbieter und dem Kunden findet das Recht der Bundesrepublik Deutschland Anwendung. Von dieser Rechtswahl ausgenommen sind die zwingenden Verbraucherschutzvorschriften des Landes, in dem der Kunde seinen gew\u00f6hnlichen Aufenthalt hat. Die Anwendung des UN-Kaufrechts ist ausgeschlossen.<\/p>\n<p>(2) Gerichtsstand f\u00fcr alle Streitigkeiten aus dem Vertragsverh\u00e4ltnis zwischen dem Kunden und dem Anbieter ist der Sitz des Anbieters, sofern es sich bei dem Kunden um einen Kaufmann, eine juristische Person des \u00f6ffentlichen Rechts oder ein \u00f6ffentlich-rechtliches Sonderverm\u00f6gen handelt.<\/p>\n<p>\u00a7 10<br \/>\nSalvatorische Klausel<br \/>\nSollte eine Bestimmung dieser Allgemeinen Gesch\u00e4ftsbedingungen unwirksam sein, wird davon die Wirksamkeit der \u00fcbrigen Bestimmungen nicht ber\u00fchrt.<\/p>\n<p>&nbsp;<\/p>\n<div style=\"text-align: left;\" align=\"center\"><b>Datenschutzerkl\u00e4rung<\/b><\/div>\n<div style=\"text-align: left;\" align=\"center\"><\/div>\n<div align=\"justify\">Wir erheben und verwenden Ihre personenbezogenen Daten ausschlie\u00dflich im Rahmen der Bestimmungen des Datenschutzrechts der Bundesrepublik Deutschland. Im Folgenden unterrichten wir Sie \u00fcber Art, Umfang und Zwecke der Erhebung und Verwendung personenbezogener Daten. Sie k\u00f6nnen diese Unterrichtung jederzeit auf unserer Webseite abrufen.<b>Daten\u00fcbermittlung und -protokollierung zu systeminternen und statistischen Zwecken<\/b><\/p>\n<div align=\"justify\">Ihr Internet-Browser \u00fcbermittelt beim Zugriff auf unsere Webseite aus technischen Gr\u00fcnden automatisch Daten an unseren Webserver. Es handelt sich dabei unter anderem um Datum und Uhrzeit des Zugriffs, URL der verweisenden Webseite, abgerufene Datei, Menge der gesendeten Daten, Browsertyp und -version, Betriebssystem sowie Ihre IP-Adresse. Diese Daten werden getrennt von anderen Daten, die Sie im Rahmen der Nutzung unseres Angebotes eingeben gespeichert. Eine Zuordnung dieser Daten zu einer bestimmten Person ist uns nicht m\u00f6glich. Diese Daten werden zu statistischen Zwecken ausgewertet und im Anschluss gel\u00f6scht.<\/div>\n<p><b>Bestandsdaten<\/b><\/p>\n<div align=\"justify\">Sofern zwischen Ihnen und uns ein Vertragsverh\u00e4ltnis begr\u00fcndet, inhaltlich ausgestaltet oder ge\u00e4ndert werden soll, erheben und verwenden wir personenbezogene Daten von Ihnen, soweit dies zu diesen Zwecken erforderlich ist.<br \/>\nAuf Anordnung der zust\u00e4ndigen Stellen d\u00fcrfen wir im Einzelfall Auskunft \u00fcber diese Daten (Bestandsdaten) erteilen, soweit dies f\u00fcr Zwecke der Strafverfolgung, zur Gefahrenabwehr, zur Erf\u00fcllung der gesetzlichen Aufgaben der Verfassungsschutzbeh\u00f6rden oder des Milit\u00e4rischen Abschirmdienstes oder zur Durchsetzung der Rechte am geistigen Eigentum erforderlich ist.<\/div>\n<p><b>Nutzungsdaten<\/b><\/p>\n<div align=\"justify\">Wir erheben und verwenden personenbezogene Daten von Ihnen, soweit dies erforderlich ist, um die Inanspruchnahme unseres Internetangebotes zu erm\u00f6glichen oder abzurechnen (Nutzungsdaten). Dazu geh\u00f6ren insbesondere Merkmale zu Ihrer Identifikation und Angaben zu Beginn und Ende sowie des Umfangs der Nutzung unseres Angebotes.<\/div>\n<\/div>\n<div align=\"justify\"><\/div>\n<div align=\"justify\"><b>Cookies <\/b><\/p>\n<div align=\"justify\">Um den Funktionsumfang unseres Internetangebotes zu erweitern und die Nutzung f\u00fcr Sie komfortabler zu gestalten, verwenden wir so genannte \u201eCookies\u201c. Mit Hilfe dieser \u201eCookies\u201c k\u00f6nnen bei dem Aufruf unserer Webseite Daten auf Ihrem Rechner gespeichert werden. Sie haben die M\u00f6glichkeit, das Abspeichern von Cookies auf Ihrem Rechner durch entsprechende Einstellungen in Ihrem Browser zu verhindern. Hierdurch k\u00f6nnten allerdings der Funktionsumfang unseres Angebotes eingeschr\u00e4nkt werden.<\/div>\n<p><b>Auskunftsrecht<\/b><\/p>\n<div align=\"justify\">Als Nutzer unseres Internetangebotes haben Sie das Recht, von uns Auskunft \u00fcber die zu Ihrer Person oder zu Ihrem Pseudonym gespeicherten Daten zu verlangen. Auf Ihr Verlangen kann die Auskunft auch elektronisch erteilt werden.<\/div>\n<\/div>\n<p>&nbsp;<\/p>\n<div style=\"text-align: left;\" align=\"center\"><b>Disclaimer \/ Haftungsausschluss<\/b><\/div>\n<div align=\"justify\"><\/div>\n<div align=\"justify\">1. F\u00fcr die Nutzung dieser Website gelten im Verh\u00e4ltnis zwischen dem Nutzer und dem Betreiber der Seite die folgenden Nutzungsbedingungen. Diese Nutzungsbedingungen gelten mit dem Aufruf dieser Website als verbindlich vereinbart.<\/div>\n<div align=\"justify\"><\/div>\n<div align=\"justify\">2. Diese Website enth\u00e4lt Daten, Informationen und sonstige Inhalte, die urheberrechtlich und oder markenrechtlich gesch\u00fctzt sind. Es ist untersagt, die Website oder einzelne Teile davon zu vervielf\u00e4ltigen und zu verbreiten.<\/div>\n<div align=\"justify\"><\/div>\n<div align=\"justify\">3. Es ist jedermann erlaubt, einen oder mehrere Links auf diese Website zu setzen. Der Betreiber beh\u00e4lt sich jedoch das Recht vor, diese Erlaubnis zu widerrufen. Nicht erlaubt ist die Darstellung dieser Website in einem Frame.<\/div>\n<div align=\"justify\"><\/div>\n<div align=\"justify\">4. Der Betreiber haftet f\u00fcr die Inhalte dieser Website nach den gesetzlichen Bestimmungen. Er \u00fcbernimmt aber keine Gew\u00e4hr f\u00fcr die Richtigkeit und Vollst\u00e4ndigkeit der auf dieser Website zur Verf\u00fcgung gestellten Inhalte und Informationen.<\/div>\n<div align=\"justify\"><\/div>\n<div align=\"justify\">5. Sofern zwischen dem Betreiber und dem Nutzer ein Vertragsverh\u00e4ltnis zustande kommt, findet auf die vertraglichen Beziehungen das Recht der Bundesrepublik Deutschland Anwendung. Von dieser Rechtswahl ausgenommen sind die zwingenden Verbraucherschutzvorschriften des Landes, in dem der Kunde seinen gew\u00f6hnlichen Aufenthalt hat. Die Rechtswahl gilt ferner nicht, sofern der Nutzer die Verletzung von Immaterialg\u00fcterrechte geltend macht. Die Anwendung des UN-Kaufrechts ist ausgeschlossen.<br \/>\nGerichtsstand f\u00fcr alle Streitigkeiten, die mit der Nutzung der Website zusammenh\u00e4ngen ist der Sitz des Betreibers, sofern es sich bei dem Nutzer um einen Kaufmann, eine juristische Person des \u00f6ffentlichen Rechts oder ein \u00f6ffentlich-rechtliches Sonderverm\u00f6gen handelt.<\/div>\n<div align=\"justify\"><\/div>\n<div align=\"justify\"><\/div>\n<div align=\"justify\"><\/div>\n<div align=\"justify\"><\/div>\n<p><i>Quelle: <a href=\"http:\/\/www.kluge-recht.de\">kluge-recht.de<\/a><\/i><\/p>\n","protected":false},"excerpt":{"rendered":"<p>Kontaktadresse: Dr. Christoph P\u00f6ppe christoph.poeppe@t-online.de Tel: 06621-586864 vertreten durch ScienceText Elke Reinecke Georg-Mechtersheimer-Str. 3 D-69126 Heidelberg Tel: 0151-74405091 reinecke@sciencetext.de &nbsp; &nbsp; Widerrufsbelehrung Widerrufsrecht Sie haben das Recht, binnen vierzehn Tagen ohne Angabe von Gr\u00fcnden diesen Vertrag zu widerrufen. Die Widerrufsfrist betr\u00e4gt vierzehn Tage ab dem Tag an dem Sie oder ein von Ihnen benannter Dritter, der nicht der Bef\u00f6rderer ist, die Waren in Besitz genommen haben bzw. hat. Um Ihr Widerrufsrecht auszu\u00fcben, m\u00fcssen Sie an die oben angegebene Kontaktadresse mittels einer eindeutigen Erkl\u00e4rung (z.B. ein mit der Post versandter Brief, Telefax oder E-Mail) \u00fcber Ihren Entschluss, diesen Vertrag zu widerrufen, informieren. Sie k\u00f6nnen daf\u00fcr das beigef\u00fcgte Muster-Widerrufsformular\u00a0Widerruf verwenden, das jedoch nicht vorgeschrieben ist. Zur Wahrung der Widerrufsfrist reicht es aus, dass Sie die Mitteilung \u00fcber die Aus\u00fcbung des Widerrufsrechts vor Ablauf der Widerrufsfrist absenden. Folgen des Widerrufs Wenn Sie diesen Vertrag widerrufen, haben wir Ihnen alle Zahlungen, die wir von Ihnen erhalten haben, einschlie\u00dflich der Lieferkosten (mit Ausnahme der zus\u00e4tzlichen Kosten, die sich daraus ergeben, dass Sie eine andere Art der Lieferung als die von uns angebotene, g\u00fcnstigste Standardlieferung gew\u00e4hlt haben), unverz\u00fcglich und sp\u00e4testens binnen vierzehn Tagen ab dem Tag zur\u00fcckzuzahlen, an dem die Mitteilung \u00fcber Ihren Widerruf dieses Vertrags bei uns eingegangen ist. F\u00fcr diese R\u00fcckzahlung verwenden wir dasselbe Zahlungsmittel, das Sie bei der urspr\u00fcnglichen Transaktion eingesetzt haben, es sei denn, mit Ihnen wurde ausdr\u00fccklich etwas anderes vereinbart; in keinem Fall werden Ihnen wegen dieser R\u00fcckzahlung Entgelte berechnet. &nbsp; Allgemeine Gesch\u00e4ftsbedingungen (AGB) \u00a7 1 Geltungsbereich &amp; Abwehrklausel (1) F\u00fcr die \u00fcber diesen Internet-Shop begr\u00fcndeten Rechtsbeziehungen zwischen dem Betreiber des Shops (nachfolgend \u201eAnbieter\u201c) und seinen Kunden gelten ausschlie\u00dflich die folgenden Allgemeinen Gesch\u00e4ftsbedingungen in der jeweiligen Fassung zum Zeitpunkt der Bestellung. (2) Abweichende Allgemeine Gesch\u00e4ftsbedingungen des Kunden werden zur\u00fcckgewiesen. \u00a7 2 Zustandekommen des Vertrages (1) Die Pr\u00e4sentation der Waren im Internet-Shop stellt kein bindendes Angebot des Anbieters auf Abschluss eines Kaufvertrages dar. Der Kunde wird hierdurch lediglich aufgefordert, durch eine Bestellung ein Angebot abzugeben. (2) Durch das Absenden der Bestellung im Internet-Shop gibt der Kunde ein verbindliches Angebot gerichtet auf den Abschluss eines Kaufvertrages \u00fcber die im Warenkorb enthaltenen Waren ab. Mit dem Absenden der Bestellung erkennt der Kunde auch diese Gesch\u00e4ftsbedingungen als f\u00fcr das Rechtsverh\u00e4ltnis mit dem Anbieter allein ma\u00dfgeblich an. (3) Der Anbieter best\u00e4tigt den Eingang der Bestellung des Kunden durch Versendung einer Best\u00e4tigungs-E-Mail. Diese Bestellbest\u00e4tigung stellt noch nicht die Annahme des Vertragsangebotes durch den Anbieter dar. Sie dient&#8230; <a class=\"moretag\" href=\"http:\/\/www.poeppe-online.de\/?page_id=13\">Read more &raquo;<\/a><\/p>\n","protected":false},"author":1,"featured_media":0,"parent":0,"menu_order":0,"comment_status":"open","ping_status":"open","template":"","meta":[],"_links":{"self":[{"href":"http:\/\/www.poeppe-online.de\/index.php?rest_route=\/wp\/v2\/pages\/13"}],"collection":[{"href":"http:\/\/www.poeppe-online.de\/index.php?rest_route=\/wp\/v2\/pages"}],"about":[{"href":"http:\/\/www.poeppe-online.de\/index.php?rest_route=\/wp\/v2\/types\/page"}],"author":[{"embeddable":true,"href":"http:\/\/www.poeppe-online.de\/index.php?rest_route=\/wp\/v2\/users\/1"}],"replies":[{"embeddable":true,"href":"http:\/\/www.poeppe-online.de\/index.php?rest_route=%2Fwp%2Fv2%2Fcomments&post=13"}],"version-history":[{"count":15,"href":"http:\/\/www.poeppe-online.de\/index.php?rest_route=\/wp\/v2\/pages\/13\/revisions"}],"predecessor-version":[{"id":583,"href":"http:\/\/www.poeppe-online.de\/index.php?rest_route=\/wp\/v2\/pages\/13\/revisions\/583"}],"wp:attachment":[{"href":"http:\/\/www.poeppe-online.de\/index.php?rest_route=%2Fwp%2Fv2%2Fmedia&parent=13"}],"curies":[{"name":"wp","href":"https:\/\/api.w.org\/{rel}","templated":true}]}}