{"id":112,"date":"2015-02-14T13:29:27","date_gmt":"2015-02-14T12:29:27","guid":{"rendered":"http:\/\/localhost\/wordpress\/?post_type=product&#038;p=112"},"modified":"2025-03-12T12:26:15","modified_gmt":"2025-03-12T11:26:15","slug":"tetraeder-oktaeder-wuerfel-ikosaeder-und-dodekaeder-2","status":"publish","type":"product","link":"http:\/\/www.poeppe-online.de\/?product=tetraeder-oktaeder-wuerfel-ikosaeder-und-dodekaeder-2","title":{"rendered":"Die f\u00fcnf platonischen K\u00f6rper"},"content":{"rendered":"","protected":false},"excerpt":{"rendered":"<p>Die alten Griechen kannten sie schon und sch\u00e4tzten sie \u00fcber alles: Sie sind von lauter gleichen, regelm\u00e4\u00dfigen Vielecken begrenzt, von denen sich in jeder Ecke gleich viele in gleicher Art treffen. Es gibt nur f\u00fcnf von ihnen, und alle K\u00f6rper in meinem Sortiment \u2013 \u00fcberhaupt alle, die ein gewisses Mindestma\u00df an Symmetrie haben \u2013 stammen in dieser oder jener Weise von ihnen ab. Tetraeder, Oktaeder, W\u00fcrfel, Ikosaeder und Dodekaeder, jeder K\u00f6rper in einer eigenen Farbe. Wo der Platz reicht, ist noch eine Miniaturausgabe dabei.<br \/>\nBrosch\u00fcre, 4 Blatt netto.<\/p>\n","protected":false},"featured_media":90,"comment_status":"closed","ping_status":"closed","template":"","meta":[],"_links":{"self":[{"href":"http:\/\/www.poeppe-online.de\/index.php?rest_route=\/wp\/v2\/product\/112"}],"collection":[{"href":"http:\/\/www.poeppe-online.de\/index.php?rest_route=\/wp\/v2\/product"}],"about":[{"href":"http:\/\/www.poeppe-online.de\/index.php?rest_route=\/wp\/v2\/types\/product"}],"replies":[{"embeddable":true,"href":"http:\/\/www.poeppe-online.de\/index.php?rest_route=%2Fwp%2Fv2%2Fcomments&post=112"}],"wp:featuredmedia":[{"embeddable":true,"href":"http:\/\/www.poeppe-online.de\/index.php?rest_route=\/wp\/v2\/media\/90"}],"wp:attachment":[{"href":"http:\/\/www.poeppe-online.de\/index.php?rest_route=%2Fwp%2Fv2%2Fmedia&parent=112"}],"curies":[{"name":"wp","href":"https:\/\/api.w.org\/{rel}","templated":true}]}}