{"id":113,"date":"2015-02-14T13:32:17","date_gmt":"2015-02-14T12:32:17","guid":{"rendered":"http:\/\/localhost\/wordpress\/?post_type=product&#038;p=113"},"modified":"2025-03-12T12:26:01","modified_gmt":"2025-03-12T11:26:01","slug":"drachenkoerper-zum-wuerfel","status":"publish","type":"product","link":"http:\/\/www.poeppe-online.de\/?product=drachenkoerper-zum-wuerfel","title":{"rendered":"Drachenk\u00f6rper zum W\u00fcrfel"},"content":{"rendered":"","protected":false},"excerpt":{"rendered":"<p>Man kann einen W\u00fcrfel allm\u00e4hlich in ein Oktaeder verwandeln, indem man die Mittelpunkte seiner Fl\u00e4chen nach au\u00dfen zieht (und den Rest der Fl\u00e4che auf geeignete Weise mitwandern l\u00e4\u00dft). Dieser K\u00f6rper aus 24 Drachen stellt ein Zwischenstadium auf dem Wege der Verwandlung dar; die Musterung bringt die Strukturen von W\u00fcrfel und Oktaeder zum Ausdruck.<br \/>\n4 Blatt.<\/p>\n","protected":false},"featured_media":353,"comment_status":"closed","ping_status":"closed","template":"","meta":[],"_links":{"self":[{"href":"http:\/\/www.poeppe-online.de\/index.php?rest_route=\/wp\/v2\/product\/113"}],"collection":[{"href":"http:\/\/www.poeppe-online.de\/index.php?rest_route=\/wp\/v2\/product"}],"about":[{"href":"http:\/\/www.poeppe-online.de\/index.php?rest_route=\/wp\/v2\/types\/product"}],"replies":[{"embeddable":true,"href":"http:\/\/www.poeppe-online.de\/index.php?rest_route=%2Fwp%2Fv2%2Fcomments&post=113"}],"wp:featuredmedia":[{"embeddable":true,"href":"http:\/\/www.poeppe-online.de\/index.php?rest_route=\/wp\/v2\/media\/353"}],"wp:attachment":[{"href":"http:\/\/www.poeppe-online.de\/index.php?rest_route=%2Fwp%2Fv2%2Fmedia&parent=113"}],"curies":[{"name":"wp","href":"https:\/\/api.w.org\/{rel}","templated":true}]}}