{"id":114,"date":"2015-02-14T13:35:05","date_gmt":"2015-02-14T12:35:05","guid":{"rendered":"http:\/\/localhost\/wordpress\/?post_type=product&#038;p=114"},"modified":"2025-03-12T12:25:45","modified_gmt":"2025-03-12T11:25:45","slug":"rhombendreissigflaechner-oder-auch-rautenkoerper-zum-dodekaeder","status":"publish","type":"product","link":"http:\/\/www.poeppe-online.de\/?product=rhombendreissigflaechner-oder-auch-rautenkoerper-zum-dodekaeder","title":{"rendered":"Rhombendrei\u00dfigfl\u00e4chner oder auch Rautenk\u00f6rper zum Dodekaeder"},"content":{"rendered":"","protected":false},"excerpt":{"rendered":"<p>Auf jede der f\u00fcnfeckigen Fl\u00e4chen eines Dodekaeders denke man sich eine f\u00fcnfseitige Pyramide aufgesetzt, die gerade so hoch ist, da\u00df die aneinandergrenzenden Dreiecke zweier benachbarter Pyramiden in einer Ebene liegen. So entsteht aus je zwei Dreiecken eine Raute und insgesamt ein ziemlich kugel\u00e4hnlicher K\u00f6rper. Jede Raute ist zur Dekoration gemustert.<br \/>\n6 Blatt.<\/p>\n","protected":false},"featured_media":284,"comment_status":"closed","ping_status":"closed","template":"","meta":[],"_links":{"self":[{"href":"http:\/\/www.poeppe-online.de\/index.php?rest_route=\/wp\/v2\/product\/114"}],"collection":[{"href":"http:\/\/www.poeppe-online.de\/index.php?rest_route=\/wp\/v2\/product"}],"about":[{"href":"http:\/\/www.poeppe-online.de\/index.php?rest_route=\/wp\/v2\/types\/product"}],"replies":[{"embeddable":true,"href":"http:\/\/www.poeppe-online.de\/index.php?rest_route=%2Fwp%2Fv2%2Fcomments&post=114"}],"wp:featuredmedia":[{"embeddable":true,"href":"http:\/\/www.poeppe-online.de\/index.php?rest_route=\/wp\/v2\/media\/284"}],"wp:attachment":[{"href":"http:\/\/www.poeppe-online.de\/index.php?rest_route=%2Fwp%2Fv2%2Fmedia&parent=114"}],"curies":[{"name":"wp","href":"https:\/\/api.w.org\/{rel}","templated":true}]}}