{"id":129,"date":"2015-02-14T14:34:24","date_gmt":"2015-02-14T13:34:24","guid":{"rendered":"http:\/\/localhost\/wordpress\/?post_type=product&#038;p=129"},"modified":"2025-03-12T12:24:25","modified_gmt":"2025-03-12T11:24:25","slug":"der-wuerfelstern","status":"publish","type":"product","link":"http:\/\/www.poeppe-online.de\/?product=der-wuerfelstern","title":{"rendered":"Der W\u00fcrfelstern"},"content":{"rendered":"","protected":false},"excerpt":{"rendered":"<p>Indem man bestimmte Ebenen durch einen W\u00fcrfel legt, erh\u00e4lt man einen Stern mit 12 Spitzen, deren jede einen rautenf\u00f6rmigen Querschnitt hat. Man findet ihn auf M. C. Eschers bekanntem Vexierbild \u201eWasserfall\u201c als Turmspitzendekoration abgebildet.<br \/>\n4 Blatt.<\/p>\n","protected":false},"featured_media":288,"comment_status":"closed","ping_status":"closed","template":"","meta":[],"_links":{"self":[{"href":"http:\/\/www.poeppe-online.de\/index.php?rest_route=\/wp\/v2\/product\/129"}],"collection":[{"href":"http:\/\/www.poeppe-online.de\/index.php?rest_route=\/wp\/v2\/product"}],"about":[{"href":"http:\/\/www.poeppe-online.de\/index.php?rest_route=\/wp\/v2\/types\/product"}],"replies":[{"embeddable":true,"href":"http:\/\/www.poeppe-online.de\/index.php?rest_route=%2Fwp%2Fv2%2Fcomments&post=129"}],"wp:featuredmedia":[{"embeddable":true,"href":"http:\/\/www.poeppe-online.de\/index.php?rest_route=\/wp\/v2\/media\/288"}],"wp:attachment":[{"href":"http:\/\/www.poeppe-online.de\/index.php?rest_route=%2Fwp%2Fv2%2Fmedia&parent=129"}],"curies":[{"name":"wp","href":"https:\/\/api.w.org\/{rel}","templated":true}]}}