{"id":134,"date":"2015-02-14T14:51:57","date_gmt":"2015-02-14T13:51:57","guid":{"rendered":"http:\/\/localhost\/wordpress\/?post_type=product&#038;p=134"},"modified":"2025-03-12T12:23:48","modified_gmt":"2025-03-12T11:23:48","slug":"das-rhombendodekadodekaeder","status":"publish","type":"product","link":"http:\/\/www.poeppe-online.de\/?product=das-rhombendodekadodekaeder","title":{"rendered":"Das Rhombendodekadodekaeder"},"content":{"rendered":"","protected":false},"excerpt":{"rendered":"<p>Dies ist schon eines der edleren unter den &#8222;uniformen Polyedern&#8220;, das hei\u00dft K\u00f6rpern aus lauter regelm\u00e4\u00dfigen Fl\u00e4chen, die aber sternf\u00f6rmig sein und sich gegenseitig durchdringen d\u00fcrfen. Der K\u00f6rper besteht aus zw\u00f6lf wei\u00dfen F\u00fcnfsternen, zw\u00f6lf schwarzen F\u00fcnfecken und drei\u00dfig Quadraten in f\u00fcnf verschiedenen Farben \u2013 gro\u00df, bunt und prachtvoll.<br \/>\n13 Blatt.<\/p>\n","protected":false},"featured_media":291,"comment_status":"closed","ping_status":"closed","template":"","meta":[],"_links":{"self":[{"href":"http:\/\/www.poeppe-online.de\/index.php?rest_route=\/wp\/v2\/product\/134"}],"collection":[{"href":"http:\/\/www.poeppe-online.de\/index.php?rest_route=\/wp\/v2\/product"}],"about":[{"href":"http:\/\/www.poeppe-online.de\/index.php?rest_route=\/wp\/v2\/types\/product"}],"replies":[{"embeddable":true,"href":"http:\/\/www.poeppe-online.de\/index.php?rest_route=%2Fwp%2Fv2%2Fcomments&post=134"}],"wp:featuredmedia":[{"embeddable":true,"href":"http:\/\/www.poeppe-online.de\/index.php?rest_route=\/wp\/v2\/media\/291"}],"wp:attachment":[{"href":"http:\/\/www.poeppe-online.de\/index.php?rest_route=%2Fwp%2Fv2%2Fmedia&parent=134"}],"curies":[{"name":"wp","href":"https:\/\/api.w.org\/{rel}","templated":true}]}}