{"id":135,"date":"2015-02-14T14:53:42","date_gmt":"2015-02-14T13:53:42","guid":{"rendered":"http:\/\/localhost\/wordpress\/?post_type=product&#038;p=135"},"modified":"2025-03-12T12:23:29","modified_gmt":"2025-03-12T11:23:29","slug":"der-keplerstern","status":"publish","type":"product","link":"http:\/\/www.poeppe-online.de\/?product=der-keplerstern","title":{"rendered":"Der Keplerstern"},"content":{"rendered":"","protected":false},"excerpt":{"rendered":"<p>Einer der vier klassischen Kepler-Poinsot-Sternk\u00f6rper. Er besteht aus zw\u00f6lf F\u00fcnfsternen, die sich gegenseitig durchdringen, und zwar derart, dass von jedem Stern das zentrale F\u00fcnfeck unsichtbar bleibt. Durch Innenverstrebungen ist der K\u00f6rper sehr steif; daher kann man 12 Exemplare zu einem kleinen Keplerstern-Fraktal zusammensetzen und 144 zu einem gro\u00dfen; das sieht dann recht eindrucksvoll aus.<br \/>\nBrosch\u00fcre.<\/p>\n","protected":false},"featured_media":292,"comment_status":"closed","ping_status":"closed","template":"","meta":[],"_links":{"self":[{"href":"http:\/\/www.poeppe-online.de\/index.php?rest_route=\/wp\/v2\/product\/135"}],"collection":[{"href":"http:\/\/www.poeppe-online.de\/index.php?rest_route=\/wp\/v2\/product"}],"about":[{"href":"http:\/\/www.poeppe-online.de\/index.php?rest_route=\/wp\/v2\/types\/product"}],"replies":[{"embeddable":true,"href":"http:\/\/www.poeppe-online.de\/index.php?rest_route=%2Fwp%2Fv2%2Fcomments&post=135"}],"wp:featuredmedia":[{"embeddable":true,"href":"http:\/\/www.poeppe-online.de\/index.php?rest_route=\/wp\/v2\/media\/292"}],"wp:attachment":[{"href":"http:\/\/www.poeppe-online.de\/index.php?rest_route=%2Fwp%2Fv2%2Fmedia&parent=135"}],"curies":[{"name":"wp","href":"https:\/\/api.w.org\/{rel}","templated":true}]}}