{"id":136,"date":"2015-02-14T14:54:53","date_gmt":"2015-02-14T13:54:53","guid":{"rendered":"http:\/\/localhost\/wordpress\/?post_type=product&#038;p=136"},"modified":"2025-03-12T12:23:13","modified_gmt":"2025-03-12T11:23:13","slug":"das-dodekadodekaeder","status":"publish","type":"product","link":"http:\/\/www.poeppe-online.de\/?product=das-dodekadodekaeder","title":{"rendered":"Das Dodekadodekaeder"},"content":{"rendered":"","protected":false},"excerpt":{"rendered":"<p>Dieses uniforme Polyeder besteht aus zw\u00f6lf F\u00fcnfecken und zw\u00f6lf F\u00fcnfsternen. Je ein F\u00fcnfeck und ein F\u00fcnfstern sind parallel zueinander und tragen die gleiche Farbe. Von den sechs vorhandenen Farben sieht man auf den ersten Blick immer nur drei und wundert sich, dass der K\u00f6rper aus verschiedenen Blickwinkeln so v\u00f6llig verschieden aussieht. Und hartn\u00e4ckig h\u00e4lt sich die optische Illusion, die einspringenden Ecken w\u00e4ren gew\u00f6hnliche (vorspringende) Ecken.<br \/>\nSechsfarbig, 6 Blatt.<\/p>\n","protected":false},"featured_media":370,"comment_status":"closed","ping_status":"closed","template":"","meta":[],"_links":{"self":[{"href":"http:\/\/www.poeppe-online.de\/index.php?rest_route=\/wp\/v2\/product\/136"}],"collection":[{"href":"http:\/\/www.poeppe-online.de\/index.php?rest_route=\/wp\/v2\/product"}],"about":[{"href":"http:\/\/www.poeppe-online.de\/index.php?rest_route=\/wp\/v2\/types\/product"}],"replies":[{"embeddable":true,"href":"http:\/\/www.poeppe-online.de\/index.php?rest_route=%2Fwp%2Fv2%2Fcomments&post=136"}],"wp:featuredmedia":[{"embeddable":true,"href":"http:\/\/www.poeppe-online.de\/index.php?rest_route=\/wp\/v2\/media\/370"}],"wp:attachment":[{"href":"http:\/\/www.poeppe-online.de\/index.php?rest_route=%2Fwp%2Fv2%2Fmedia&parent=136"}],"curies":[{"name":"wp","href":"https:\/\/api.w.org\/{rel}","templated":true}]}}