{"id":139,"date":"2015-02-14T14:57:48","date_gmt":"2015-02-14T13:57:48","guid":{"rendered":"http:\/\/localhost\/wordpress\/?post_type=product&#038;p=139"},"modified":"2025-03-12T12:23:01","modified_gmt":"2025-03-12T11:23:01","slug":"tetraederfuenfling-durchbrochene-version","status":"publish","type":"product","link":"http:\/\/www.poeppe-online.de\/?product=tetraederfuenfling-durchbrochene-version","title":{"rendered":"Tetraederf\u00fcnfling, durchbrochene Version"},"content":{"rendered":"","protected":false},"excerpt":{"rendered":"<p>Aus dem &#8222;massiven&#8220; Tetraederf\u00fcnfling sind zw\u00f6lf kleine F\u00fcnfecke ausgestanzt. Dadurch kommt ein Innenk\u00f6rper aus 12 F\u00fcnfecken, 20 Dreiecken und 30 Quadraten zum Vorschein, der genau in den Tetraederf\u00fcnfling hineinpa\u00dft.<br \/>\nF\u00fcnffarbig, 7 Blatt.<\/p>\n","protected":false},"featured_media":372,"comment_status":"closed","ping_status":"closed","template":"","meta":[],"_links":{"self":[{"href":"http:\/\/www.poeppe-online.de\/index.php?rest_route=\/wp\/v2\/product\/139"}],"collection":[{"href":"http:\/\/www.poeppe-online.de\/index.php?rest_route=\/wp\/v2\/product"}],"about":[{"href":"http:\/\/www.poeppe-online.de\/index.php?rest_route=\/wp\/v2\/types\/product"}],"replies":[{"embeddable":true,"href":"http:\/\/www.poeppe-online.de\/index.php?rest_route=%2Fwp%2Fv2%2Fcomments&post=139"}],"wp:featuredmedia":[{"embeddable":true,"href":"http:\/\/www.poeppe-online.de\/index.php?rest_route=\/wp\/v2\/media\/372"}],"wp:attachment":[{"href":"http:\/\/www.poeppe-online.de\/index.php?rest_route=%2Fwp%2Fv2%2Fmedia&parent=139"}],"curies":[{"name":"wp","href":"https:\/\/api.w.org\/{rel}","templated":true}]}}