{"id":142,"date":"2015-02-14T14:59:58","date_gmt":"2015-02-14T13:59:58","guid":{"rendered":"http:\/\/localhost\/wordpress\/?post_type=product&#038;p=142"},"modified":"2025-03-12T12:22:44","modified_gmt":"2025-03-12T11:22:44","slug":"wuerfeldrilling","status":"publish","type":"product","link":"http:\/\/www.poeppe-online.de\/?product=wuerfeldrilling","title":{"rendered":"W\u00fcrfeldrilling"},"content":{"rendered":"","protected":false},"excerpt":{"rendered":"<p>Ein sehr popul\u00e4rer, seit langem bekannter K\u00f6rper. Die zweite Turmdekoration in M. C. Eschers \u201eWasserfall\u201c.<br \/>\ndreifarbig, 9 Blatt.<\/p>\n","protected":false},"featured_media":373,"comment_status":"closed","ping_status":"closed","template":"","meta":[],"_links":{"self":[{"href":"http:\/\/www.poeppe-online.de\/index.php?rest_route=\/wp\/v2\/product\/142"}],"collection":[{"href":"http:\/\/www.poeppe-online.de\/index.php?rest_route=\/wp\/v2\/product"}],"about":[{"href":"http:\/\/www.poeppe-online.de\/index.php?rest_route=\/wp\/v2\/types\/product"}],"replies":[{"embeddable":true,"href":"http:\/\/www.poeppe-online.de\/index.php?rest_route=%2Fwp%2Fv2%2Fcomments&post=142"}],"wp:featuredmedia":[{"embeddable":true,"href":"http:\/\/www.poeppe-online.de\/index.php?rest_route=\/wp\/v2\/media\/373"}],"wp:attachment":[{"href":"http:\/\/www.poeppe-online.de\/index.php?rest_route=%2Fwp%2Fv2%2Fmedia&parent=142"}],"curies":[{"name":"wp","href":"https:\/\/api.w.org\/{rel}","templated":true}]}}