{"id":146,"date":"2015-02-14T15:04:01","date_gmt":"2015-02-14T14:04:01","guid":{"rendered":"http:\/\/localhost\/wordpress\/?post_type=product&#038;p=146"},"modified":"2025-03-12T12:21:56","modified_gmt":"2025-03-12T11:21:56","slug":"wuerfelvierling","status":"publish","type":"product","link":"http:\/\/www.poeppe-online.de\/?product=wuerfelvierling","title":{"rendered":"W\u00fcrfelvierling"},"content":{"rendered":"","protected":false},"excerpt":{"rendered":"<p>Man drehe einen W\u00fcrfel um 60 Grad um eine seiner Raumdiagonalen. Das mache man mit allen vier Raumdiagonalen des W\u00fcrfels und lasse anschlie\u00dfend den urspr\u00fcnglichen W\u00fcrfel weg. Die Symmetrie des entstehenden Gebildes ist nicht vollkommen, aber interessant. Nach einer Idee von Elisabeth Barth.<br \/>\n8 Blatt.<\/p>\n","protected":false},"featured_media":293,"comment_status":"closed","ping_status":"closed","template":"","meta":[],"_links":{"self":[{"href":"http:\/\/www.poeppe-online.de\/index.php?rest_route=\/wp\/v2\/product\/146"}],"collection":[{"href":"http:\/\/www.poeppe-online.de\/index.php?rest_route=\/wp\/v2\/product"}],"about":[{"href":"http:\/\/www.poeppe-online.de\/index.php?rest_route=\/wp\/v2\/types\/product"}],"replies":[{"embeddable":true,"href":"http:\/\/www.poeppe-online.de\/index.php?rest_route=%2Fwp%2Fv2%2Fcomments&post=146"}],"wp:featuredmedia":[{"embeddable":true,"href":"http:\/\/www.poeppe-online.de\/index.php?rest_route=\/wp\/v2\/media\/293"}],"wp:attachment":[{"href":"http:\/\/www.poeppe-online.de\/index.php?rest_route=%2Fwp%2Fv2%2Fmedia&parent=146"}],"curies":[{"name":"wp","href":"https:\/\/api.w.org\/{rel}","templated":true}]}}