{"id":156,"date":"2015-02-14T15:12:05","date_gmt":"2015-02-14T14:12:05","guid":{"rendered":"http:\/\/localhost\/wordpress\/?post_type=product&#038;p=156"},"modified":"2025-03-12T11:31:52","modified_gmt":"2025-03-12T10:31:52","slug":"kugelgewaechs-aus-dodekaedern","status":"publish","type":"product","link":"http:\/\/www.poeppe-online.de\/?product=kugelgewaechs-aus-dodekaedern","title":{"rendered":"Kugelgew\u00e4chs aus Dodekaedern"},"content":{"rendered":"","protected":false},"excerpt":{"rendered":"<p>Man setze auf jede Fl\u00e4che eines Dodekaeders ein weiteres Dodekaeder und mache die aufgesetzten K\u00f6rper so dick, dass die L\u00fccken zwischen ihnen sich schlie\u00dfen. Man kann den K\u00f6rper auch auffassen als die innersten 13 Dodekaeder einer Projektion des vierdimensionalen 120-Zells in den dreidimensionalen Raum.<br \/>\n6 Blatt.<\/p>\n","protected":false},"featured_media":744,"comment_status":"closed","ping_status":"closed","template":"","meta":[],"_links":{"self":[{"href":"http:\/\/www.poeppe-online.de\/index.php?rest_route=\/wp\/v2\/product\/156"}],"collection":[{"href":"http:\/\/www.poeppe-online.de\/index.php?rest_route=\/wp\/v2\/product"}],"about":[{"href":"http:\/\/www.poeppe-online.de\/index.php?rest_route=\/wp\/v2\/types\/product"}],"replies":[{"embeddable":true,"href":"http:\/\/www.poeppe-online.de\/index.php?rest_route=%2Fwp%2Fv2%2Fcomments&post=156"}],"wp:featuredmedia":[{"embeddable":true,"href":"http:\/\/www.poeppe-online.de\/index.php?rest_route=\/wp\/v2\/media\/744"}],"wp:attachment":[{"href":"http:\/\/www.poeppe-online.de\/index.php?rest_route=%2Fwp%2Fv2%2Fmedia&parent=156"}],"curies":[{"name":"wp","href":"https:\/\/api.w.org\/{rel}","templated":true}]}}