{"id":163,"date":"2015-02-14T15:23:12","date_gmt":"2015-02-14T14:23:12","guid":{"rendered":"http:\/\/localhost\/wordpress\/?post_type=product&#038;p=163"},"modified":"2025-03-12T11:22:21","modified_gmt":"2025-03-12T10:22:21","slug":"der-mengerschwamm-2","status":"publish","type":"product","link":"http:\/\/www.poeppe-online.de\/?product=der-mengerschwamm-2","title":{"rendered":"Das fraktale Dodekaeder (1. und 2. Iterationsstufe)"},"content":{"rendered":"","protected":false},"excerpt":{"rendered":"<p>Die erste Stufe dieses unendlichen Prozesses erzeugt bereits 20 Dodekaeder. (Die zweite, mit 400 Dodekaedern, haben wir mit einer gro\u00dfen Gruppe an Wilhelm Sternemanns Schule in L\u00fcdinghausen gebaut; das war ein gro\u00dfes Fest!)<br \/>\n15 Blatt f\u00fcr die erste Stufe, 300 Blatt f\u00fcr die zweite. Halten Sie besser R\u00fccksprache!<\/p>\n","protected":false},"featured_media":342,"comment_status":"closed","ping_status":"closed","template":"","meta":[],"_links":{"self":[{"href":"http:\/\/www.poeppe-online.de\/index.php?rest_route=\/wp\/v2\/product\/163"}],"collection":[{"href":"http:\/\/www.poeppe-online.de\/index.php?rest_route=\/wp\/v2\/product"}],"about":[{"href":"http:\/\/www.poeppe-online.de\/index.php?rest_route=\/wp\/v2\/types\/product"}],"replies":[{"embeddable":true,"href":"http:\/\/www.poeppe-online.de\/index.php?rest_route=%2Fwp%2Fv2%2Fcomments&post=163"}],"wp:featuredmedia":[{"embeddable":true,"href":"http:\/\/www.poeppe-online.de\/index.php?rest_route=\/wp\/v2\/media\/342"}],"wp:attachment":[{"href":"http:\/\/www.poeppe-online.de\/index.php?rest_route=%2Fwp%2Fv2%2Fmedia&parent=163"}],"curies":[{"name":"wp","href":"https:\/\/api.w.org\/{rel}","templated":true}]}}