{"id":164,"date":"2015-02-14T15:25:44","date_gmt":"2015-02-14T14:25:44","guid":{"rendered":"http:\/\/localhost\/wordpress\/?post_type=product&#038;p=164"},"modified":"2025-03-12T11:22:00","modified_gmt":"2025-03-12T10:22:00","slug":"der-kleine-werbeck","status":"publish","type":"product","link":"http:\/\/www.poeppe-online.de\/?product=der-kleine-werbeck","title":{"rendered":"Der kleine Werbeck"},"content":{"rendered":"","protected":false},"excerpt":{"rendered":"<p>Setzt man nicht 20 Dodekaeder in die Ecken des gro\u00dfen Ur-Dodekaeders, sondern deren zw\u00f6lf in die Fl\u00e4chenmitten, so entsteht dieser kompaktere K\u00f6rper. Bemerkenswerterweise gibt es Ebenen, in denen jeweils eine Seitenfl\u00e4che von zehn der zw\u00f6lf Dodekaeder liegt. Da die Idee von Stephan Werbeck stammt, nenne ich den K\u00f6rper den &#8222;kleinen Werbeck&#8220;. Mit einer kleinen Abwandlung des Bausatzes kann man auch den &#8222;gro\u00dfen Werbeck&#8220; (zw\u00f6lf kleine Werbecks oder insgesamt 144 Dodekaeder) bauen \u2013 eine dankbare Besch\u00e4ftigung f\u00fcr gro\u00dfe Gruppen.<br \/>\n8 Blatt.<\/p>\n","protected":false},"featured_media":321,"comment_status":"closed","ping_status":"closed","template":"","meta":[],"_links":{"self":[{"href":"http:\/\/www.poeppe-online.de\/index.php?rest_route=\/wp\/v2\/product\/164"}],"collection":[{"href":"http:\/\/www.poeppe-online.de\/index.php?rest_route=\/wp\/v2\/product"}],"about":[{"href":"http:\/\/www.poeppe-online.de\/index.php?rest_route=\/wp\/v2\/types\/product"}],"replies":[{"embeddable":true,"href":"http:\/\/www.poeppe-online.de\/index.php?rest_route=%2Fwp%2Fv2%2Fcomments&post=164"}],"wp:featuredmedia":[{"embeddable":true,"href":"http:\/\/www.poeppe-online.de\/index.php?rest_route=\/wp\/v2\/media\/321"}],"wp:attachment":[{"href":"http:\/\/www.poeppe-online.de\/index.php?rest_route=%2Fwp%2Fv2%2Fmedia&parent=164"}],"curies":[{"name":"wp","href":"https:\/\/api.w.org\/{rel}","templated":true}]}}