{"id":165,"date":"2015-02-14T15:27:01","date_gmt":"2015-02-14T14:27:01","guid":{"rendered":"http:\/\/localhost\/wordpress\/?post_type=product&#038;p=165"},"modified":"2025-03-12T11:21:47","modified_gmt":"2025-03-12T10:21:47","slug":"das-sierpinski-tetraeder-aus-rhombendodekaedern","status":"publish","type":"product","link":"http:\/\/www.poeppe-online.de\/?product=das-sierpinski-tetraeder-aus-rhombendodekaedern","title":{"rendered":"Das Sierpinski-Tetraeder aus Rhombendodekaedern"},"content":{"rendered":"","protected":false},"excerpt":{"rendered":"<p>Der ber\u00fchmte fraktale K\u00f6rper mit der Au\u00dfengestalt eines Tetraeders (siehe oben, Nr. 33) mu\u00df nicht unbedingt aus kleinen Tetraedern bestehen! Es d\u00fcrfen auch Rhombendodekaeder (RDD) sein; daf\u00fcr gibt es sogar gute Gr\u00fcnde. Und einfacher zu basteln ist es auch. Hier abgebildet ist die mittelgro\u00dfe Version, die der dritten Iterationsstufe entspricht. (Eine Iteration macht aus einem RDD viere.)<br \/>\n8 Blatt, 4,\u2013 Euro f\u00fcr die Kleinversion (16 RDD); 32 Blatt, 15,\u2013 Euro f\u00fcr die mittelgro\u00dfe (64 RDD). Die gro\u00dfe (128 Blatt, 256 RDD) ist noch nie gebaut worden, aber sicherlich ein reizvolles Projekt.<\/p>\n","protected":false},"featured_media":327,"comment_status":"closed","ping_status":"closed","template":"","meta":[],"_links":{"self":[{"href":"http:\/\/www.poeppe-online.de\/index.php?rest_route=\/wp\/v2\/product\/165"}],"collection":[{"href":"http:\/\/www.poeppe-online.de\/index.php?rest_route=\/wp\/v2\/product"}],"about":[{"href":"http:\/\/www.poeppe-online.de\/index.php?rest_route=\/wp\/v2\/types\/product"}],"replies":[{"embeddable":true,"href":"http:\/\/www.poeppe-online.de\/index.php?rest_route=%2Fwp%2Fv2%2Fcomments&post=165"}],"wp:featuredmedia":[{"embeddable":true,"href":"http:\/\/www.poeppe-online.de\/index.php?rest_route=\/wp\/v2\/media\/327"}],"wp:attachment":[{"href":"http:\/\/www.poeppe-online.de\/index.php?rest_route=%2Fwp%2Fv2%2Fmedia&parent=165"}],"curies":[{"name":"wp","href":"https:\/\/api.w.org\/{rel}","templated":true}]}}