{"id":166,"date":"2015-02-14T15:28:12","date_gmt":"2015-02-14T14:28:12","guid":{"rendered":"http:\/\/localhost\/wordpress\/?post_type=product&#038;p=166"},"modified":"2025-03-12T11:21:30","modified_gmt":"2025-03-12T10:21:30","slug":"der-vierdimensionale-wuerfel-hyperkubus-tesserakt-8-zell","status":"publish","type":"product","link":"http:\/\/www.poeppe-online.de\/?product=der-vierdimensionale-wuerfel-hyperkubus-tesserakt-8-zell","title":{"rendered":"Der vierdimensionale W\u00fcrfel (Hyperkubus, Tesserakt, 8-Zell)"},"content":{"rendered":"","protected":false},"excerpt":{"rendered":"<p>Dies ist der popul\u00e4rste unter den vierdimensionalen platonischen K\u00f6rpern. Er besteht aus acht (gew\u00f6hnlichen) W\u00fcrfeln mit der Eigenschaft, dass an jede Grenzfl\u00e4che eines W\u00fcrfels ein anderer der acht W\u00fcrfel grenzt. Das geht nat\u00fcrlich nicht in drei Dimensionen, wohl aber in vieren. Bei der Projektion geraten sieben der acht W\u00fcrfel ins Innere des achten, der damit alle anderen umschlie\u00dft. Au\u00dferdem werden durch die perspektivische Verzerrung sechs W\u00fcrfel zu Tetraederst\u00fcmpfen.<br \/>\n10 Blatt.<\/p>\n","protected":false},"featured_media":341,"comment_status":"closed","ping_status":"closed","template":"","meta":[],"_links":{"self":[{"href":"http:\/\/www.poeppe-online.de\/index.php?rest_route=\/wp\/v2\/product\/166"}],"collection":[{"href":"http:\/\/www.poeppe-online.de\/index.php?rest_route=\/wp\/v2\/product"}],"about":[{"href":"http:\/\/www.poeppe-online.de\/index.php?rest_route=\/wp\/v2\/types\/product"}],"replies":[{"embeddable":true,"href":"http:\/\/www.poeppe-online.de\/index.php?rest_route=%2Fwp%2Fv2%2Fcomments&post=166"}],"wp:featuredmedia":[{"embeddable":true,"href":"http:\/\/www.poeppe-online.de\/index.php?rest_route=\/wp\/v2\/media\/341"}],"wp:attachment":[{"href":"http:\/\/www.poeppe-online.de\/index.php?rest_route=%2Fwp%2Fv2%2Fmedia&parent=166"}],"curies":[{"name":"wp","href":"https:\/\/api.w.org\/{rel}","templated":true}]}}