{"id":167,"date":"2015-02-14T15:29:31","date_gmt":"2015-02-14T14:29:31","guid":{"rendered":"http:\/\/localhost\/wordpress\/?post_type=product&#038;p=167"},"modified":"2025-03-12T11:21:17","modified_gmt":"2025-03-12T10:21:17","slug":"das-24-zell","status":"publish","type":"product","link":"http:\/\/www.poeppe-online.de\/?product=das-24-zell","title":{"rendered":"Das 24-Zell"},"content":{"rendered":"","protected":false},"excerpt":{"rendered":"<p>In vier Dimensionen kann man 24 regelm\u00e4\u00dfige Oktaeder Fl\u00e4che an Fl\u00e4che so aneinanderlegen, dass sich ein geschlossener (vierdimensionaler) K\u00f6rper ergibt. In jeder seiner Ecken treffen acht Kanten zusammen; dadurch ist das Endprodukt sehr reizvoll anzusehen \u2013 und eine Herausforderung f\u00fcr den Bastler.<br \/>\n12 Blatt DIN A 3.<\/p>\n","protected":false},"featured_media":339,"comment_status":"closed","ping_status":"closed","template":"","meta":[],"_links":{"self":[{"href":"http:\/\/www.poeppe-online.de\/index.php?rest_route=\/wp\/v2\/product\/167"}],"collection":[{"href":"http:\/\/www.poeppe-online.de\/index.php?rest_route=\/wp\/v2\/product"}],"about":[{"href":"http:\/\/www.poeppe-online.de\/index.php?rest_route=\/wp\/v2\/types\/product"}],"replies":[{"embeddable":true,"href":"http:\/\/www.poeppe-online.de\/index.php?rest_route=%2Fwp%2Fv2%2Fcomments&post=167"}],"wp:featuredmedia":[{"embeddable":true,"href":"http:\/\/www.poeppe-online.de\/index.php?rest_route=\/wp\/v2\/media\/339"}],"wp:attachment":[{"href":"http:\/\/www.poeppe-online.de\/index.php?rest_route=%2Fwp%2Fv2%2Fmedia&parent=167"}],"curies":[{"name":"wp","href":"https:\/\/api.w.org\/{rel}","templated":true}]}}