{"id":170,"date":"2015-02-14T15:32:59","date_gmt":"2015-02-14T14:32:59","guid":{"rendered":"http:\/\/localhost\/wordpress\/?post_type=product&#038;p=170"},"modified":"2025-03-12T11:20:11","modified_gmt":"2025-03-12T10:20:11","slug":"der-knoten-aus-sechs-fuenfecken","status":"publish","type":"product","link":"http:\/\/www.poeppe-online.de\/?product=der-knoten-aus-sechs-fuenfecken","title":{"rendered":"Der Knoten aus sechs F\u00fcnfecken"},"content":{"rendered":"","protected":false},"excerpt":{"rendered":"<p>Immer eins dr\u00fcber, eins drunter ist dieser Knoten geflochten \u2013 aber er besteht nicht aus F\u00e4den, sondern aus starren Balken, die zusammen F\u00fcnfecke bilden. Jeder f\u00fcnfeckige Ring h\u00e4ngt in jedem anderen!<br \/>\n12 Blatt.<\/p>\n","protected":false},"featured_media":338,"comment_status":"closed","ping_status":"closed","template":"","meta":[],"_links":{"self":[{"href":"http:\/\/www.poeppe-online.de\/index.php?rest_route=\/wp\/v2\/product\/170"}],"collection":[{"href":"http:\/\/www.poeppe-online.de\/index.php?rest_route=\/wp\/v2\/product"}],"about":[{"href":"http:\/\/www.poeppe-online.de\/index.php?rest_route=\/wp\/v2\/types\/product"}],"replies":[{"embeddable":true,"href":"http:\/\/www.poeppe-online.de\/index.php?rest_route=%2Fwp%2Fv2%2Fcomments&post=170"}],"wp:featuredmedia":[{"embeddable":true,"href":"http:\/\/www.poeppe-online.de\/index.php?rest_route=\/wp\/v2\/media\/338"}],"wp:attachment":[{"href":"http:\/\/www.poeppe-online.de\/index.php?rest_route=%2Fwp%2Fv2%2Fmedia&parent=170"}],"curies":[{"name":"wp","href":"https:\/\/api.w.org\/{rel}","templated":true}]}}