{"id":171,"date":"2015-02-14T15:35:47","date_gmt":"2015-02-14T14:35:47","guid":{"rendered":"http:\/\/localhost\/wordpress\/?post_type=product&#038;p=171"},"modified":"2025-03-12T11:19:27","modified_gmt":"2025-03-12T10:19:27","slug":"der-unendliche-platonische-koerper-3-7","status":"publish","type":"product","link":"http:\/\/www.poeppe-online.de\/?product=der-unendliche-platonische-koerper-3-7","title":{"rendered":"Der unendliche platonische K\u00f6rper {3, 7}"},"content":{"rendered":"","protected":false},"excerpt":{"rendered":"<p>Der unendliche platonische K\u00f6rper {3, 7} definiert durch die Bedingung, da\u00df in jeder Ecke sieben Dreiecke zusammentreffen. Der K\u00f6rper entsteht dadurch, da\u00df man Ikosaeder und Oktaeder aus raffinierte Weise zusammensetzt.<br \/>\nBasisversion 11 Blatt: F\u00fcr ein \u00fcberzeugendes Ergebnis empfehle ich mindestens dreimal die Basisversion. Je mehr, desto gr\u00f6\u00dfer und prachtvoller wird das Werk.<\/p>\n","protected":false},"featured_media":329,"comment_status":"closed","ping_status":"closed","template":"","meta":[],"_links":{"self":[{"href":"http:\/\/www.poeppe-online.de\/index.php?rest_route=\/wp\/v2\/product\/171"}],"collection":[{"href":"http:\/\/www.poeppe-online.de\/index.php?rest_route=\/wp\/v2\/product"}],"about":[{"href":"http:\/\/www.poeppe-online.de\/index.php?rest_route=\/wp\/v2\/types\/product"}],"replies":[{"embeddable":true,"href":"http:\/\/www.poeppe-online.de\/index.php?rest_route=%2Fwp%2Fv2%2Fcomments&post=171"}],"wp:featuredmedia":[{"embeddable":true,"href":"http:\/\/www.poeppe-online.de\/index.php?rest_route=\/wp\/v2\/media\/329"}],"wp:attachment":[{"href":"http:\/\/www.poeppe-online.de\/index.php?rest_route=%2Fwp%2Fv2%2Fmedia&parent=171"}],"curies":[{"name":"wp","href":"https:\/\/api.w.org\/{rel}","templated":true}]}}