{"id":177,"date":"2015-02-14T15:42:44","date_gmt":"2015-02-14T14:42:44","guid":{"rendered":"http:\/\/localhost\/wordpress\/?post_type=product&#038;p=177"},"modified":"2025-03-12T11:14:00","modified_gmt":"2025-03-12T10:14:00","slug":"der-moebiussche-quintenzirkel","status":"publish","type":"product","link":"http:\/\/www.poeppe-online.de\/?product=der-moebiussche-quintenzirkel","title":{"rendered":"Der M\u00f6biussche Quintenzirkel"},"content":{"rendered":"","protected":false},"excerpt":{"rendered":"<p>Ringf\u00f6rmig geschlossen und von lauter Dreiecken begrenzt, gibt er pr\u00e4zise die Dreiklangsstruktur der klassischen Harmonielehre wieder.<br \/>\n2 Blatt.<\/p>\n","protected":false},"featured_media":1057,"comment_status":"closed","ping_status":"closed","template":"","meta":[],"_links":{"self":[{"href":"http:\/\/www.poeppe-online.de\/index.php?rest_route=\/wp\/v2\/product\/177"}],"collection":[{"href":"http:\/\/www.poeppe-online.de\/index.php?rest_route=\/wp\/v2\/product"}],"about":[{"href":"http:\/\/www.poeppe-online.de\/index.php?rest_route=\/wp\/v2\/types\/product"}],"replies":[{"embeddable":true,"href":"http:\/\/www.poeppe-online.de\/index.php?rest_route=%2Fwp%2Fv2%2Fcomments&post=177"}],"wp:featuredmedia":[{"embeddable":true,"href":"http:\/\/www.poeppe-online.de\/index.php?rest_route=\/wp\/v2\/media\/1057"}],"wp:attachment":[{"href":"http:\/\/www.poeppe-online.de\/index.php?rest_route=%2Fwp%2Fv2%2Fmedia&parent=177"}],"curies":[{"name":"wp","href":"https:\/\/api.w.org\/{rel}","templated":true}]}}