{"id":782,"date":"2018-01-22T23:05:26","date_gmt":"2018-01-22T22:05:26","guid":{"rendered":"http:\/\/www.poeppe-online.de\/?post_type=product&#038;p=782"},"modified":"2025-03-12T11:09:21","modified_gmt":"2025-03-12T10:09:21","slug":"grosses-ditrigonales-ikosidodekaeder","status":"publish","type":"product","link":"http:\/\/www.poeppe-online.de\/?product=grosses-ditrigonales-ikosidodekaeder","title":{"rendered":"Gro\u00dfes ditrigonales Ikosidodekaeder"},"content":{"rendered":"<p class=\"western\" align=\"justify\">Eines der prachtvollsten und kompliziertesten unter den uniformen Polyedern; das sind diejenigen halbregelm\u00e4\u00dfigen K\u00f6rper, deren Seitenfl\u00e4chen sich gegenseitig durchdringen d\u00fcrfen. Und von dieser M\u00f6glichkeit macht der vorliegende K\u00f6rper geradezu exzessiv Gebrauch. Eigentlich besteht er nur aus zw\u00f6lf F\u00fcnfecken und zwanzig Dreiecken, wie das biedere archimedische Ikosi\u00addode\u00adkaeder. Aber hier reichen die F\u00fcnfecke gewisserma\u00dfen von einem Ende des K\u00f6rpers zum anderen, sind also sehr gro\u00df, aber nur mit einer gewissen M\u00fche zu erkennen, weil der gr\u00f6\u00dfte Teil ihrer Fl\u00e4che unter anderen Fl\u00e4chen verborgen ist. In jeder der zwanzig Ecken des K\u00f6rpers treffen sich drei F\u00fcnfecke und drei Dreiecke.<\/p>\n<p class=\"western\" align=\"justify\">20 Blatt.<\/p>\n","protected":false},"excerpt":{"rendered":"<p>Eines der prachtvollsten und kompliziertesten unter den uniformen Polyedern; das sind diejenigen halbregelm\u00e4\u00dfigen K\u00f6rper, deren Seitenfl\u00e4chen sich gegenseitig durchdringen d\u00fcrfen. Und von dieser M\u00f6glichkeit macht der vorliegende K\u00f6rper geradezu exzessiv Gebrauch. Eigentlich besteht er nur aus zw\u00f6lf F\u00fcnfecken und zwanzig Dreiecken, wie das biedere archimedische Ikosi\u00addode\u00adkaeder. Aber hier reichen die F\u00fcnfecke gewisserma\u00dfen von einem Ende des K\u00f6rpers zum anderen, sind also sehr gro\u00df, aber nur mit einer gewissen M\u00fche zu erkennen, weil der gr\u00f6\u00dfte Teil ihrer Fl\u00e4che unter anderen Fl\u00e4chen verborgen ist. In jeder der zwanzig Ecken des K\u00f6rpers treffen sich drei F\u00fcnfecke und drei Dreiecke. 20 Blatt.<\/p>\n","protected":false},"featured_media":784,"comment_status":"closed","ping_status":"closed","template":"","meta":[],"_links":{"self":[{"href":"http:\/\/www.poeppe-online.de\/index.php?rest_route=\/wp\/v2\/product\/782"}],"collection":[{"href":"http:\/\/www.poeppe-online.de\/index.php?rest_route=\/wp\/v2\/product"}],"about":[{"href":"http:\/\/www.poeppe-online.de\/index.php?rest_route=\/wp\/v2\/types\/product"}],"replies":[{"embeddable":true,"href":"http:\/\/www.poeppe-online.de\/index.php?rest_route=%2Fwp%2Fv2%2Fcomments&post=782"}],"wp:featuredmedia":[{"embeddable":true,"href":"http:\/\/www.poeppe-online.de\/index.php?rest_route=\/wp\/v2\/media\/784"}],"wp:attachment":[{"href":"http:\/\/www.poeppe-online.de\/index.php?rest_route=%2Fwp%2Fv2%2Fmedia&parent=782"}],"curies":[{"name":"wp","href":"https:\/\/api.w.org\/{rel}","templated":true}]}}