{"id":826,"date":"2018-06-13T23:16:33","date_gmt":"2018-06-13T21:16:33","guid":{"rendered":"http:\/\/www.poeppe-online.de\/?post_type=product&#038;p=826"},"modified":"2025-03-12T11:08:51","modified_gmt":"2025-03-12T10:08:51","slug":"stewarts-kleines-wuerfeltoroid","status":"publish","type":"product","link":"http:\/\/www.poeppe-online.de\/?product=stewarts-kleines-wuerfeltoroid","title":{"rendered":"Stewarts kleines W\u00fcrfeltoroid"},"content":{"rendered":"<p>Dieses <a href=\"https:\/\/www.spektrum.de\/alias\/raeumliche-geometrie\/bonnie-stewarts-hohlkoerper\/681891\">Toroid<\/a> stammt vom W\u00fcrfel ab, genauer: von dessen archimedischen Varianten, dem kleinen und dem gro\u00dfen Rhombenkuboktaeder. Man schneide aus dem gro\u00dfen Rhombenkuboktaeder alle sechs Achtecke heraus und mit ihnen jeweils eine vierz\u00e4hlige Kuppel (das ist so ein <a href=\"https:\/\/www.spektrum.de\/alias\/raeumliche-geometrie\/johnsons-polyeder\/674344\">Johnson-K\u00f6rper<\/a>). Aus dem Inneren des derart angegrabenen K\u00f6rpers nehme man noch ein kleines Rhombenkuboktaeder weg, und fertig ist das kleine Stewart-Toroid. Das wiederum kann man sich aus zw\u00f6lf W\u00fcrfeln (in meinem Modell rot mit wei\u00dfem Rand) und acht dreiseitigen Kuppeln (blau mit Goldrand) zusammengesetzt denken.<br \/>\n4 Blatt.<\/p>\n","protected":false},"excerpt":{"rendered":"<p>Dieses Toroid stammt vom W\u00fcrfel ab, genauer: von dessen archimedischen Varianten, dem kleinen und dem gro\u00dfen Rhombenkuboktaeder. Man schneide aus dem gro\u00dfen Rhombenkuboktaeder alle sechs Achtecke heraus und mit ihnen jeweils eine vierz\u00e4hlige Kuppel (das ist so ein Johnson-K\u00f6rper). Aus dem Inneren des derart angegrabenen K\u00f6rpers nehme man noch ein kleines Rhombenkuboktaeder weg, und fertig ist das kleine Stewart-Toroid. Das wiederum kann man sich aus zw\u00f6lf W\u00fcrfeln (in meinem Modell rot mit wei\u00dfem Rand) und acht dreiseitigen Kuppeln (blau mit Goldrand) zusammengesetzt denken. 4 Blatt.<\/p>\n","protected":false},"featured_media":824,"comment_status":"closed","ping_status":"closed","template":"","meta":[],"_links":{"self":[{"href":"http:\/\/www.poeppe-online.de\/index.php?rest_route=\/wp\/v2\/product\/826"}],"collection":[{"href":"http:\/\/www.poeppe-online.de\/index.php?rest_route=\/wp\/v2\/product"}],"about":[{"href":"http:\/\/www.poeppe-online.de\/index.php?rest_route=\/wp\/v2\/types\/product"}],"replies":[{"embeddable":true,"href":"http:\/\/www.poeppe-online.de\/index.php?rest_route=%2Fwp%2Fv2%2Fcomments&post=826"}],"wp:featuredmedia":[{"embeddable":true,"href":"http:\/\/www.poeppe-online.de\/index.php?rest_route=\/wp\/v2\/media\/824"}],"wp:attachment":[{"href":"http:\/\/www.poeppe-online.de\/index.php?rest_route=%2Fwp%2Fv2%2Fmedia&parent=826"}],"curies":[{"name":"wp","href":"https:\/\/api.w.org\/{rel}","templated":true}]}}