{"id":840,"date":"2018-07-23T22:06:06","date_gmt":"2018-07-23T20:06:06","guid":{"rendered":"http:\/\/www.poeppe-online.de\/?post_type=product&#038;p=840"},"modified":"2025-03-12T11:08:08","modified_gmt":"2025-03-12T10:08:08","slug":"riesendreieckskoerper","status":"publish","type":"product","link":"http:\/\/www.poeppe-online.de\/?product=riesendreieckskoerper","title":{"rendered":"Riesendreiecksk\u00f6rper"},"content":{"rendered":"","protected":false},"excerpt":{"rendered":"<p>Insgesamt 880 gleichseitige Dreiecke f\u00fcgen sich zu Ikosaedern, die durch oktaederf\u00f6rmige Tunnel miteinander verbunden sind. Nicht der gr\u00f6\u00dfte K\u00f6rper, den man aus lauter gleichseitigen Dreiecken zusammensetzen kann (da gibt es keine Grenze nach oben), aber sicher einer der sch\u00f6nsten! 27 Blatt.<\/p>\n","protected":false},"featured_media":841,"comment_status":"closed","ping_status":"closed","template":"","meta":[],"_links":{"self":[{"href":"http:\/\/www.poeppe-online.de\/index.php?rest_route=\/wp\/v2\/product\/840"}],"collection":[{"href":"http:\/\/www.poeppe-online.de\/index.php?rest_route=\/wp\/v2\/product"}],"about":[{"href":"http:\/\/www.poeppe-online.de\/index.php?rest_route=\/wp\/v2\/types\/product"}],"replies":[{"embeddable":true,"href":"http:\/\/www.poeppe-online.de\/index.php?rest_route=%2Fwp%2Fv2%2Fcomments&post=840"}],"wp:featuredmedia":[{"embeddable":true,"href":"http:\/\/www.poeppe-online.de\/index.php?rest_route=\/wp\/v2\/media\/841"}],"wp:attachment":[{"href":"http:\/\/www.poeppe-online.de\/index.php?rest_route=%2Fwp%2Fv2%2Fmedia&parent=840"}],"curies":[{"name":"wp","href":"https:\/\/api.w.org\/{rel}","templated":true}]}}