{"id":925,"date":"2019-07-07T22:28:52","date_gmt":"2019-07-07T20:28:52","guid":{"rendered":"http:\/\/www.poeppe-online.de\/?post_type=product&#038;p=925"},"modified":"2025-03-12T11:07:28","modified_gmt":"2025-03-12T10:07:28","slug":"dreissigfaches-dodekaeder","status":"publish","type":"product","link":"http:\/\/www.poeppe-online.de\/?product=dreissigfaches-dodekaeder","title":{"rendered":"Drei\u00dfigfaches Dodekaeder"},"content":{"rendered":"","protected":false},"excerpt":{"rendered":"<p>Drei\u00dfig Dodekaeder, die Fl\u00e4che an Fl\u00e4che aneinanderpassen und sich zu zw\u00f6lf F\u00fcnferringen f\u00fcgen? Nein, das geht nicht mit regelm\u00e4\u00dfigen Dodekaedern, sondern nur mit verzerrten: Die F\u00fcnfecke auf der Innenseite sind viel kleiner als die \u00e4u\u00dferen. Aber die Verzerrung ist nicht irgendwie beliebig: Es handelt sich um einen Teil der Projektion des vierdimensionalen 120-Zells in unseren dreidimensionalen Raum. Von dem 120-Zell erbt der vorliegende K\u00f6rper die Symmetrie des Dodekaeders. Jedem der zw\u00f6lf F\u00fcnferringe ist eine Farbe zugeordnet, und jedes der 30 Dodekaeder tr\u00e4gt eine Mischung aus den Farben der beiden Ringe, denen er angeh\u00f6rt.<\/p>\n<p>Brosch\u00fcre, 16 Blatt.<\/p>\n","protected":false},"featured_media":926,"comment_status":"closed","ping_status":"closed","template":"","meta":[],"_links":{"self":[{"href":"http:\/\/www.poeppe-online.de\/index.php?rest_route=\/wp\/v2\/product\/925"}],"collection":[{"href":"http:\/\/www.poeppe-online.de\/index.php?rest_route=\/wp\/v2\/product"}],"about":[{"href":"http:\/\/www.poeppe-online.de\/index.php?rest_route=\/wp\/v2\/types\/product"}],"replies":[{"embeddable":true,"href":"http:\/\/www.poeppe-online.de\/index.php?rest_route=%2Fwp%2Fv2%2Fcomments&post=925"}],"wp:featuredmedia":[{"embeddable":true,"href":"http:\/\/www.poeppe-online.de\/index.php?rest_route=\/wp\/v2\/media\/926"}],"wp:attachment":[{"href":"http:\/\/www.poeppe-online.de\/index.php?rest_route=%2Fwp%2Fv2%2Fmedia&parent=925"}],"curies":[{"name":"wp","href":"https:\/\/api.w.org\/{rel}","templated":true}]}}