{"id":992,"date":"2020-04-16T23:05:10","date_gmt":"2020-04-16T21:05:10","guid":{"rendered":"http:\/\/www.poeppe-online.de\/?post_type=product&#038;p=992"},"modified":"2025-03-12T11:06:12","modified_gmt":"2025-03-12T10:06:12","slug":"umstuelpwuerfel-und-oloid-mit-innenguertel","status":"publish","type":"product","link":"http:\/\/www.poeppe-online.de\/?product=umstuelpwuerfel-und-oloid-mit-innenguertel","title":{"rendered":"Umst\u00fclpw\u00fcrfel und Oloid, mit Inneng\u00fcrtel"},"content":{"rendered":"","protected":false},"excerpt":{"rendered":"<p>Ber\u00fchmt geworden ist der \u201eUmst\u00fclpw\u00fcrfel\u201c des Schweizer Erfinders Paul Schatz: Nimmt man von einem W\u00fcrfel zwei \u201eRiegel\u201c weg, so bleibt ein \u201eG\u00fcrtel\u201c \u00fcbrig, eine Kette aus sechs aneinanderh\u00e4ngenden nicht-regelm\u00e4\u00dfigen Tetraedern, welche die merkw\u00fcrdigsten Umst\u00fclpbewegungen vollf\u00fchrt \u2013 <a href=\"http:\/\/www.poeppe-online.de\/?product=umstuelpwuerfel-nach-paul-schatz\">einer der Klassiker in meinem Sortiment<\/a>. Was erst vor wenigen Jahren entdeckt wurde: Paul Schatz hat in denselben W\u00fcrfel noch einen weiteren Umst\u00fclpg\u00fcrtel eingebaut (indem er den Riegeln etwas Volumen wegnahm): schlanker und mit einer noch etwas dramatischeren Umst\u00fclpbewegung. Auch bei diesem Bausatz ist das Oloid dabei, jener merkw\u00fcrdige Wackelk\u00f6rper, der seine Definition der Umst\u00fclpbewegung verdankt.<\/p>\n<p>Dreifarbig (rot f\u00fcr die Riegel, gelb f\u00fcr den gew\u00f6hnlichen G\u00fcrtel und das Oloid, violett f\u00fcr den schlanken G\u00fcrtel); 5 Blatt.<\/p>\n","protected":false},"featured_media":993,"comment_status":"closed","ping_status":"closed","template":"","meta":[],"_links":{"self":[{"href":"http:\/\/www.poeppe-online.de\/index.php?rest_route=\/wp\/v2\/product\/992"}],"collection":[{"href":"http:\/\/www.poeppe-online.de\/index.php?rest_route=\/wp\/v2\/product"}],"about":[{"href":"http:\/\/www.poeppe-online.de\/index.php?rest_route=\/wp\/v2\/types\/product"}],"replies":[{"embeddable":true,"href":"http:\/\/www.poeppe-online.de\/index.php?rest_route=%2Fwp%2Fv2%2Fcomments&post=992"}],"wp:featuredmedia":[{"embeddable":true,"href":"http:\/\/www.poeppe-online.de\/index.php?rest_route=\/wp\/v2\/media\/993"}],"wp:attachment":[{"href":"http:\/\/www.poeppe-online.de\/index.php?rest_route=%2Fwp%2Fv2%2Fmedia&parent=992"}],"curies":[{"name":"wp","href":"https:\/\/api.w.org\/{rel}","templated":true}]}}